{"id":44,"date":"2018-04-07T00:21:28","date_gmt":"2018-04-06T22:21:28","guid":{"rendered":"http:\/\/grolo.de\/?page_id=44"},"modified":"2022-09-07T19:43:28","modified_gmt":"2022-09-07T17:43:28","slug":"impressum","status":"publish","type":"page","link":"https:\/\/grolo.de\/?page_id=44","title":{"rendered":"Impressum und Copyright"},"content":{"rendered":"<h1>Verantwortlich f\u00fcr den Inhalt dieser Seite ist<\/h1>\n<p><strong>Mailadresse des Webmasters:<\/strong><\/p>\n<p>karsten.thamm (AT) mail.de<\/p>\n<p><a href=\"https:\/\/t.me\/+JXudVVgWXvpjNjIy\">https:\/\/t.me\/+JXudVVgWXvpjNjIy<\/a><\/p>\n<h1>Copyright<\/h1>\n<p>Das Urheberrecht f\u00fcr alle hier pr\u00e4sentierten Musikst\u00fccke liegen bei mir (Karsten Thamm), sofern nicht anders erw\u00e4hnt.<\/p>\n<p>F\u00fcr Fremdkompositionen liegt das Urheberrecht<a href=\"https:\/\/www.soundandrecording.de\/stories\/der-rechtliche-hintergrund-von-coverversionen\/\"> bei wem es auch immer nach aktueller Gesetzeslage liegen soll<\/a>.<\/p>\n<p><strong>Fremdurheberrecht:<\/strong><\/p>\n<p>F\u00fcr Kompositionen bei denen das Urheberrecht bei den Originalautoren liegt ist f\u00fcr jede Art der Vervielf\u00e4ltigung oder Ver\u00f6ffentlichung eine vorherige Genehmigung beim Urheber einzuholen. Dies d\u00fcrfte auf dieser Seite f\u00fcr alle Fremdkompositionen\u00a0 der Fall sein.<\/p>\n<p><strong>F\u00fcr Eigenkompositionen von mir gilt:<\/strong><\/p>\n<p>Die Benutzung f\u00fcr private, nicht kommerzielle Zwecke ist ausdr\u00fccklich erlaubt. Dies schlie\u00dft das Abspielen auf privaten oder \u00f6ffentlichen Veranstaltungen mit ein.<\/p>\n<p><strong>Untersagt sind die Verwendung f\u00fcr\/die Verwendung in Verbindung mit:<\/strong><\/p>\n<ul>\n<li>Ausstrahlung per Rundfunk, Fernsehen, Internetradio<\/li>\n<li>Verwendung f\u00fcr misbr\u00e4uchliche Zwecke<\/li>\n<li>Verwendung f\u00fcr Werbezwecke<\/li>\n<li>Kommerzielle Verwendung, sofern die Musik zur Vertonung von Bildmaterial (Videos, Filme) verwendet wird<\/li>\n<li>Kommerzielle Verwendung, sofern die Musik den Kern des kommerziellen Interesses darstellt<\/li>\n<li>Propaganda, die gegen Menschenrechte, das V\u00f6lkerrecht, die Menschlichkeit oder die guten Sitten verst\u00f6\u00dft<\/li>\n<\/ul>\n","protected":false},"excerpt":{"rendered":"<p>Verantwortlich f\u00fcr den Inhalt dieser Seite ist Mailadresse des Webmasters: karsten.thamm (AT) mail.de https:\/\/t.me\/+JXudVVgWXvpjNjIy Copyright Das Urheberrecht f\u00fcr alle hier pr\u00e4sentierten Musikst\u00fccke liegen bei mir (Karsten Thamm), sofern nicht anders erw\u00e4hnt. F\u00fcr Fremdkompositionen liegt das Urheberrecht bei wem es auch immer nach aktueller Gesetzeslage liegen soll. Fremdurheberrecht: F\u00fcr Kompositionen bei denen das Urheberrecht bei den &hellip; <a href=\"https:\/\/grolo.de\/?page_id=44\" class=\"more-link\"><span class=\"screen-reader-text\">&#8222;Impressum und Copyright&#8220; <\/span>weiterlesen<\/a><\/p>\n","protected":false},"author":1,"featured_media":50,"parent":0,"menu_order":0,"comment_status":"closed","ping_status":"closed","template":"","meta":[],"_links":{"self":[{"href":"https:\/\/grolo.de\/index.php?rest_route=\/wp\/v2\/pages\/44"}],"collection":[{"href":"https:\/\/grolo.de\/index.php?rest_route=\/wp\/v2\/pages"}],"about":[{"href":"https:\/\/grolo.de\/index.php?rest_route=\/wp\/v2\/types\/page"}],"author":[{"embeddable":true,"href":"https:\/\/grolo.de\/index.php?rest_route=\/wp\/v2\/users\/1"}],"replies":[{"embeddable":true,"href":"https:\/\/grolo.de\/index.php?rest_route=%2Fwp%2Fv2%2Fcomments&post=44"}],"version-history":[{"count":5,"href":"https:\/\/grolo.de\/index.php?rest_route=\/wp\/v2\/pages\/44\/revisions"}],"predecessor-version":[{"id":1307,"href":"https:\/\/grolo.de\/index.php?rest_route=\/wp\/v2\/pages\/44\/revisions\/1307"}],"wp:featuredmedia":[{"embeddable":true,"href":"https:\/\/grolo.de\/index.php?rest_route=\/wp\/v2\/media\/50"}],"wp:attachment":[{"href":"https:\/\/grolo.de\/index.php?rest_route=%2Fwp%2Fv2%2Fmedia&parent=44"}],"curies":[{"name":"wp","href":"https:\/\/api.w.org\/{rel}","templated":true}]}}